{"id":64,"date":"2018-05-28T09:43:39","date_gmt":"2018-05-28T06:43:39","guid":{"rendered":"https:\/\/www.tanssiitatienkanssa.fi\/www\/?page_id=64"},"modified":"2026-02-10T13:15:18","modified_gmt":"2026-02-10T11:15:18","slug":"etusivu","status":"publish","type":"page","link":"https:\/\/www.tanssiitatienkanssa.fi\/www\/","title":{"rendered":"Tanssii T\u00e4tien Kanssa"},"content":{"rendered":"<p>Tanssii T\u00e4tien Kanssa ry on aikuisten naisten v. 2007 perustama yhdistys, joka on j\u00e4rjest\u00e4nyt 50+ naisille ja miehille tavoitteellista tanssitoimintaa, harrastepohjaista musiikkiliikuntaa, seuratanssin opetusta ja erilaisia tanssi- ja kulttuuritapahtumia.<\/p>\n<p>Vuosina 2012\u20132014 RAY tuki T\u00e4tien toimintaa. Se mahdollisti my\u00f6s py\u00f6r\u00e4tuolia apunaan k\u00e4ytt\u00e4vien s\u00e4\u00e4nn\u00f6llisen tanssin opetuksen ja vapaaehtoisten ohjaajien koulutuksen. Py\u00f6r\u00e4tuolitanssi on jatkunut 10 v.<\/p>\n<p>Suuri yleis\u00f6 on voinut nauttia T\u00e4tien j\u00e4rjest\u00e4m\u00e4st\u00e4 Meri-Lapin Heikki ja Helmi -kilpailuista vuosina 2011\u20132016.<\/p>\n<p>Tanssikoululla ei ole en\u00e4\u00e4 kurssitoimintaa. Muusta ohjelmasta ilmoitetaan <a href=\"https:\/\/fi-fi.facebook.com\/TanssiiTatienKanssaRy\" target=\"_blank\" rel=\"noopener\">Facebookissa<\/a>.<\/p>\n<h2>Tanssia vuodesta 2007<\/h2>\n<p>Tanssii T\u00e4tien Kanssa kymmenvuotisohjelma oli<br \/>\n<strong>\u201dTangosta r\u00e4ppiin ja py\u00f6r\u00e4tuolitanssiin\u201d<\/strong> ja matka jatkuu\u2026<br \/>\n<a href=\"http:\/\/www.tanssiitatienkanssa.fi\/www\/tanssin-sata-vuotta-tangosta-rappiin-ja-pyoratuolitanssiin-videoteos\"><br \/>\nLue lis\u00e4\u00e4 t\u00e4\u00e4lt\u00e4 \u21d2<\/a><\/p>\n<h2>UUTTA \u2013 Istumatanssia suomalaisiin kansanlauluihin<\/h2>\n<p>\n<a href=\"http:\/\/www.tanssiitatienkanssa.fi\/www\/ohjelmisto\/istumatanssia-suomalaisiin-kansanlauluihin\"><br \/>\nTutustu tarkemmin Ohjelmisto-sivulla \u21d2<\/a><\/p>\n","protected":false},"excerpt":{"rendered":"<p>Tanssii T\u00e4tien Kanssa ry on aikuisten naisten v. 2007 perustama yhdistys, joka on j\u00e4rjest\u00e4nyt 50+ naisille ja miehille tavoitteellista tanssitoimintaa, harrastepohjaista musiikkiliikuntaa, seuratanssin opetusta ja erilaisia tanssi- ja kulttuuritapahtumia. Vuosina 2012\u20132014 RAY tuki T\u00e4tien toimintaa. Se mahdollisti my\u00f6s py\u00f6r\u00e4tuolia apunaan k\u00e4ytt\u00e4vien s\u00e4\u00e4nn\u00f6llisen tanssin opetuksen ja vapaaehtoisten ohjaajien koulutuksen. Py\u00f6r\u00e4tuolitanssi on jatkunut 10 v. Suuri yleis\u00f6 &hellip; <a href=\"https:\/\/www.tanssiitatienkanssa.fi\/www\/\" class=\"more-link\">Jatka artikkeliin <span class=\"screen-reader-text\">Tanssii T\u00e4tien Kanssa<\/span><\/a><\/p>\n","protected":false},"author":1,"featured_media":0,"parent":0,"menu_order":0,"comment_status":"closed","ping_status":"closed","template":"","meta":{"footnotes":""},"class_list":["post-64","page","type-page","status-publish","hentry"],"aioseo_notices":[],"_links":{"self":[{"href":"https:\/\/www.tanssiitatienkanssa.fi\/www\/wp-json\/wp\/v2\/pages\/64","targetHints":{"allow":["GET"]}}],"collection":[{"href":"https:\/\/www.tanssiitatienkanssa.fi\/www\/wp-json\/wp\/v2\/pages"}],"about":[{"href":"https:\/\/www.tanssiitatienkanssa.fi\/www\/wp-json\/wp\/v2\/types\/page"}],"author":[{"embeddable":true,"href":"https:\/\/www.tanssiitatienkanssa.fi\/www\/wp-json\/wp\/v2\/users\/1"}],"replies":[{"embeddable":true,"href":"https:\/\/www.tanssiitatienkanssa.fi\/www\/wp-json\/wp\/v2\/comments?post=64"}],"version-history":[{"count":42,"href":"https:\/\/www.tanssiitatienkanssa.fi\/www\/wp-json\/wp\/v2\/pages\/64\/revisions"}],"predecessor-version":[{"id":724,"href":"https:\/\/www.tanssiitatienkanssa.fi\/www\/wp-json\/wp\/v2\/pages\/64\/revisions\/724"}],"wp:attachment":[{"href":"https:\/\/www.tanssiitatienkanssa.fi\/www\/wp-json\/wp\/v2\/media?parent=64"}],"curies":[{"name":"wp","href":"https:\/\/api.w.org\/{rel}","templated":true}]}}