{"id":463,"date":"2018-05-29T10:51:47","date_gmt":"2018-05-29T07:51:47","guid":{"rendered":"http:\/\/www.tanssiitatienkanssa.fi\/www\/?page_id=463"},"modified":"2026-02-10T13:19:48","modified_gmt":"2026-02-10T11:19:48","slug":"tanssin-sata-vuotta-tangosta-rappiin-ja-pyoratuolitanssiin-videoteos","status":"publish","type":"page","link":"https:\/\/www.tanssiitatienkanssa.fi\/www\/tanssin-sata-vuotta-tangosta-rappiin-ja-pyoratuolitanssiin-videoteos","title":{"rendered":"Tanssin sata vuotta: Tangosta r\u00e4ppiin ja py\u00f6r\u00e4tuolitanssiin &#8211; videoteos"},"content":{"rendered":"<p>Tanssii T\u00e4tien Kanssa toiminnan kymmenvuotisjuhlan ohjelma oli \u201dTangosta r\u00e4ppiin ja py\u00f6r\u00e4tuolitanssiin\u201d.<\/p>\n<p>Teos koostuu Suomen tanssin historiasta sadan vuoden ajalta ja on tanssin ja tanssilajien esittelyteos, joka kuvaa my\u00f6s suomalaista identiteetti\u00e4 tanssin keinoin.<\/p>\n<p>Esitys on Tanssii T\u00e4tien Kanssa ry:n 10-vuotisjuhlateos. Ohjelma muodostuu T\u00e4tien j\u00e4rjest\u00e4mien tapahtumien videokoosteesta ja live-esityksist\u00e4 kymmenen vuoden ajalta ja k\u00e4sitt\u00e4\u00e4 25 eri tanssia.<\/p>\n<p>Aluksi vain kertaluonteiseksi tarkoitetusta Tanssii T\u00e4tien Kanssa -kilpatanssista kehkeytyi seutukunnallinen, satoja ihmisi\u00e4 mukaan temmannut kuntoilumuoto ik\u00e4\u00e4ntyville naisille ja miehille sek\u00e4 liikuntarajoitteisille ja muille erityisryhmille.<\/p>\n<h2>Ensiesitys<\/h2>\n<p>11.2.2017, Tornio, T\u00e4tien 10 v. juhla<\/p>\n<p><iframe loading=\"lazy\" width=\"560\" height=\"315\" src=\"https:\/\/www.youtube.com\/embed\/XU2qYwzv7AA?si=LUVCWpPiPHB0tyFV\" title=\"YouTube video player\" frameborder=\"0\" allow=\"accelerometer; autoplay; clipboard-write; encrypted-media; gyroscope; picture-in-picture; web-share\" referrerpolicy=\"strict-origin-when-cross-origin\" allowfullscreen><\/iframe><\/p>\n","protected":false},"excerpt":{"rendered":"<p>Tanssii T\u00e4tien Kanssa toiminnan kymmenvuotisjuhlan ohjelma oli \u201dTangosta r\u00e4ppiin ja py\u00f6r\u00e4tuolitanssiin\u201d. Teos koostuu Suomen tanssin historiasta sadan vuoden ajalta ja on tanssin ja tanssilajien esittelyteos, joka kuvaa my\u00f6s suomalaista identiteetti\u00e4 tanssin keinoin. Esitys on Tanssii T\u00e4tien Kanssa ry:n 10-vuotisjuhlateos. Ohjelma muodostuu T\u00e4tien j\u00e4rjest\u00e4mien tapahtumien videokoosteesta ja live-esityksist\u00e4 kymmenen vuoden ajalta ja k\u00e4sitt\u00e4\u00e4 25 eri tanssia. &hellip; <a href=\"https:\/\/www.tanssiitatienkanssa.fi\/www\/tanssin-sata-vuotta-tangosta-rappiin-ja-pyoratuolitanssiin-videoteos\" class=\"more-link\">Jatka artikkeliin <span class=\"screen-reader-text\">Tanssin sata vuotta: Tangosta r\u00e4ppiin ja py\u00f6r\u00e4tuolitanssiin &#8211; videoteos<\/span><\/a><\/p>\n","protected":false},"author":1,"featured_media":0,"parent":0,"menu_order":0,"comment_status":"closed","ping_status":"closed","template":"","meta":{"footnotes":""},"class_list":["post-463","page","type-page","status-publish","hentry"],"aioseo_notices":[],"_links":{"self":[{"href":"https:\/\/www.tanssiitatienkanssa.fi\/www\/wp-json\/wp\/v2\/pages\/463","targetHints":{"allow":["GET"]}}],"collection":[{"href":"https:\/\/www.tanssiitatienkanssa.fi\/www\/wp-json\/wp\/v2\/pages"}],"about":[{"href":"https:\/\/www.tanssiitatienkanssa.fi\/www\/wp-json\/wp\/v2\/types\/page"}],"author":[{"embeddable":true,"href":"https:\/\/www.tanssiitatienkanssa.fi\/www\/wp-json\/wp\/v2\/users\/1"}],"replies":[{"embeddable":true,"href":"https:\/\/www.tanssiitatienkanssa.fi\/www\/wp-json\/wp\/v2\/comments?post=463"}],"version-history":[{"count":3,"href":"https:\/\/www.tanssiitatienkanssa.fi\/www\/wp-json\/wp\/v2\/pages\/463\/revisions"}],"predecessor-version":[{"id":729,"href":"https:\/\/www.tanssiitatienkanssa.fi\/www\/wp-json\/wp\/v2\/pages\/463\/revisions\/729"}],"wp:attachment":[{"href":"https:\/\/www.tanssiitatienkanssa.fi\/www\/wp-json\/wp\/v2\/media?parent=463"}],"curies":[{"name":"wp","href":"https:\/\/api.w.org\/{rel}","templated":true}]}}