{"id":216,"date":"2018-05-28T12:18:58","date_gmt":"2018-05-28T09:18:58","guid":{"rendered":"http:\/\/www.tanssiitatienkanssa.fi\/www\/?page_id=216"},"modified":"2018-05-28T12:32:39","modified_gmt":"2018-05-28T09:32:39","slug":"stipendit","status":"publish","type":"page","link":"https:\/\/www.tanssiitatienkanssa.fi\/www\/stipendit","title":{"rendered":"Stipendit"},"content":{"rendered":"<p>[vc_row][vc_column width=&#8221;1\/2&#8243;][vc_custom_heading text=&#8221;Stipendit 2016&#8243; use_theme_fonts=&#8221;yes&#8221;][vc_column_text]Vuoden 2016 stipendit jaettiin toukokuussa kilpatanssiseura Aidan, Stagen ja Ylivolin lapsi- ja junioritoimintaan. Lis\u00e4ksi tuettiin py\u00f6r\u00e4tuolitanssiryhm\u00e4 Viilett\u00e4jien toimintaa.<\/p>\n<h3>Henkil\u00f6kohtaisen stipendin saivat<\/h3>\n<p><strong>Aida:<\/strong><br \/>\nSamu Anttila ja Julia H\u00f6yn\u00e4l\u00e4<br \/>\nJohannes J\u00e4nk\u00e4l\u00e4 ja Moona Kinnunen<br \/>\nMikael Kinnunen ja Elisa Pryk\u00e4ri<\/p>\n<p><strong>Stage:<\/strong><br \/>\nAmanda Nenonen<br \/>\nIda Kinnunen<br \/>\nIda Ahola<br \/>\nHeta Harju<\/p>\n<p><strong>Ylivolin sirkusryhm\u00e4<\/strong>[\/vc_column_text][\/vc_column][vc_column width=&#8221;1\/2&#8243;][vc_custom_heading text=&#8221;Stipendit 2014&#8243; use_theme_fonts=&#8221;yes&#8221;][vc_column_text]Vuoden 2014 stipendit jaettiin 7.10.2014 kilpatanssiseura Aidan lapsi- ja junioritoimintaan.<\/p>\n<h3>Henkil\u00f6kohtaisen stipendin saivat<\/h3>\n<p>Toni Kauppinen \u2013 Julia H\u00f6yn\u00e4l\u00e4<br \/>\nLauri K\u00f6ykk\u00e4 \u2013 Emilia Isomaa<br \/>\nJohannes J\u00e4nk\u00e4l\u00e4 \u2013 Ida Isomaa<br \/>\nMoona Kinnunen<\/p>\n<p>Tanssii T\u00e4tien Kanssa ry tuki my\u00f6s kaikkia Aidan tanssijoita antamalla lahjoituksen Aidan salin vuokraan.[\/vc_column_text][\/vc_column][\/vc_row][vc_row][vc_column width=&#8221;1\/2&#8243;][vc_custom_heading text=&#8221;Stipendit 2012&#8243; use_theme_fonts=&#8221;yes&#8221;][vc_column_text]Tanssii T\u00e4tien Kanssa ry:n hallitus valitsi vuoden 2012 stipendien saajat.<br \/>\nSeurojen ja koulujen omien ehdotusten ja perustelujen pohjalta stipendit jaettiin seuraavasti:<\/p>\n<p><strong>Aida ry, Tornio<\/strong><br \/>\nToni Kauppinen \u2013 Ella Huusko<br \/>\nPietari Aikio \u2013 Johanna Heikkil\u00e4<br \/>\nMikael Appelgren \u2013 Moona Kinnunen<br \/>\nJonne Sadinmaa \u2013 Emilia Pryk\u00e4ri<\/p>\n<p><strong>Ylitornion Voimistelu ja Liikunta ry, Ylitornio<\/strong><br \/>\nKuopion valtakunnalliselle, kes\u00e4kuun alussa j\u00e4rjestett\u00e4v\u00e4lle, Sirkus Soppa leirille osallistumisen tukemiseen, 12-17 vuotiaat tyt\u00f6t ja pojat.<\/p>\n<p><strong>Kemin Innon voimistelujaosto, Kemi<\/strong><br \/>\nXinimat -ryhm\u00e4n tyt\u00f6t 13-16 v, 2012 SM-kisamatkan tukemiseen<\/p>\n<p><strong>Tanssistudio Bounce, Keminmaa<\/strong><br \/>\nBouncecrew-ryhm\u00e4n 2012 SM-katutanssin kisamatkan tukemiseen<\/p>\n<p><strong>Ammattiopisto Luovi, Kemi ja Tornio<\/strong><br \/>\nTy\u00f6h\u00f6n ja itsen\u00e4iseen el\u00e4m\u00e4\u00e4n valmentavien koulutusryhmien soittimien hankintaan<\/p>\n<p><strong>Tanssikoulu Stage, Tornio<\/strong><br \/>\nSelina \u00d6fverberg (ryhm\u00e4 5-6 v)<br \/>\nLinda Karvonen (ryhm\u00e4 (9-10 v)<br \/>\nJulia Sammallahti (show-ryhm\u00e4)<br \/>\nJessica Suonper\u00e4 (show-ryhm\u00e4)<br \/>\nHit The Beat \u2013ryhm\u00e4, esiintymisasujen hankinta (9 poikaa)[\/vc_column_text][\/vc_column][vc_column width=&#8221;1\/2&#8243;][vc_custom_heading text=&#8221;Stipendit 2011&#8243; use_theme_fonts=&#8221;yes&#8221;][vc_column_text]<strong>Aida:<\/strong> Yksil\u00f6stipendit 10<br \/>\nToni Kauppinen \u2013 Ella Huusko<br \/>\nJuho Leppikangas \u2013 Emilia Isomaa<br \/>\nLauri K\u00f6ykk\u00e4 \u2013 Julia Sadinmaa<br \/>\nPietari Aikio \u2013 Johanna Heikkil\u00e4<br \/>\nJohannes J\u00e4nk\u00e4l\u00e4 \u2013 Ida Isomaa<br \/>\nLis\u00e4ksi seuralle toiminta-avustus<\/p>\n<p><strong>Tornion baletin tuki ry:<\/strong> Yksil\u00f6stipendi 1:<br \/>\nFanni Myllylahti<br \/>\nRyhm\u00e4stipendi Pienten joutsenten tanssi<\/p>\n<p><strong>Danceclub Hoppi:<\/strong> Yksil\u00f6stipendi:<br \/>\nAda Okkonen<br \/>\nRyhm\u00e4stipendi Purpurea<\/p>\n<p><strong>Stage:<\/strong> yksil\u00f6stipendit 2<br \/>\nSalla Koivumaa<br \/>\nMiika Jussila<br \/>\nRyhm\u00e4stipendi show 1<\/p>\n<p><strong>YliVoli:<\/strong> yksil\u00f6stipendit 2<br \/>\nLinnea Oraj\u00e4rvi<br \/>\nSirje Tolonen<br \/>\nToiminta \u2013 avustus seuralle[\/vc_column_text][\/vc_column][\/vc_row]<\/p>\n","protected":false},"excerpt":{"rendered":"<p>[vc_row][vc_column width=&#8221;1\/2&#8243;][vc_custom_heading text=&#8221;Stipendit 2016&#8243; use_theme_fonts=&#8221;yes&#8221;][vc_column_text]Vuoden 2016 stipendit jaettiin toukokuussa kilpatanssiseura Aidan, Stagen ja Ylivolin lapsi- ja junioritoimintaan. Lis\u00e4ksi tuettiin py\u00f6r\u00e4tuolitanssiryhm\u00e4 Viilett\u00e4jien toimintaa. Henkil\u00f6kohtaisen stipendin saivat Aida: Samu Anttila ja Julia H\u00f6yn\u00e4l\u00e4 Johannes J\u00e4nk\u00e4l\u00e4 ja Moona Kinnunen Mikael Kinnunen ja Elisa Pryk\u00e4ri Stage: Amanda Nenonen Ida Kinnunen Ida Ahola Heta Harju Ylivolin sirkusryhm\u00e4[\/vc_column_text][\/vc_column][vc_column width=&#8221;1\/2&#8243;][vc_custom_heading text=&#8221;Stipendit 2014&#8243; &hellip; <a href=\"https:\/\/www.tanssiitatienkanssa.fi\/www\/stipendit\" class=\"more-link\">Jatka artikkeliin <span class=\"screen-reader-text\">Stipendit<\/span><\/a><\/p>\n","protected":false},"author":1,"featured_media":0,"parent":0,"menu_order":0,"comment_status":"closed","ping_status":"closed","template":"","meta":{"footnotes":""},"class_list":["post-216","page","type-page","status-publish","hentry"],"aioseo_notices":[],"_links":{"self":[{"href":"https:\/\/www.tanssiitatienkanssa.fi\/www\/wp-json\/wp\/v2\/pages\/216","targetHints":{"allow":["GET"]}}],"collection":[{"href":"https:\/\/www.tanssiitatienkanssa.fi\/www\/wp-json\/wp\/v2\/pages"}],"about":[{"href":"https:\/\/www.tanssiitatienkanssa.fi\/www\/wp-json\/wp\/v2\/types\/page"}],"author":[{"embeddable":true,"href":"https:\/\/www.tanssiitatienkanssa.fi\/www\/wp-json\/wp\/v2\/users\/1"}],"replies":[{"embeddable":true,"href":"https:\/\/www.tanssiitatienkanssa.fi\/www\/wp-json\/wp\/v2\/comments?post=216"}],"version-history":[{"count":4,"href":"https:\/\/www.tanssiitatienkanssa.fi\/www\/wp-json\/wp\/v2\/pages\/216\/revisions"}],"predecessor-version":[{"id":232,"href":"https:\/\/www.tanssiitatienkanssa.fi\/www\/wp-json\/wp\/v2\/pages\/216\/revisions\/232"}],"wp:attachment":[{"href":"https:\/\/www.tanssiitatienkanssa.fi\/www\/wp-json\/wp\/v2\/media?parent=216"}],"curies":[{"name":"wp","href":"https:\/\/api.w.org\/{rel}","templated":true}]}}