{"id":140,"date":"2018-05-28T11:13:53","date_gmt":"2018-05-28T08:13:53","guid":{"rendered":"http:\/\/www.tanssiitatienkanssa.fi\/www\/?page_id=140"},"modified":"2019-04-04T13:39:34","modified_gmt":"2019-04-04T10:39:34","slug":"lauantaina-lavalle","status":"publish","type":"page","link":"https:\/\/www.tanssiitatienkanssa.fi\/www\/ohjelmisto\/lauantaina-lavalle","title":{"rendered":"Lauantaina lavalle"},"content":{"rendered":"<p>[vc_row][vc_column][vc_single_image image=&#8221;141&#8243; img_size=&#8221;full&#8221; alignment=&#8221;center&#8221; style=&#8221;vc_box_shadow_3d&#8221; css_animation=&#8221;zoomIn&#8221;][vc_column_text]T\u00e4tien kanssa -projekti on valmistellut pienoismusikaalin, jossa liikutaan 1950 -luvun maaseututunnelmissa. Lauantain toivotut levyt soivat, ja tytt\u00e4rill\u00e4 tekee mieli tansseihin, onhan kotikyl\u00e4n lavalle tulossa ensimm\u00e4ist\u00e4 kertaa kaikkien suomalaisten rakastama iskelm\u00e4taivaa supert\u00e4hti. Ensin on kuitenkin suoriuduttava joka p\u00e4iv\u00e4isest\u00e4 toistuvasta askareesta, iltalypsyst\u00e4. Nostalgian t\u00e4yteinen musiikin ja tanssin ilottelu Lauantaina lavalle! on syntynyt SENJOORAT -ryhm\u00e4n voimin.[\/vc_column_text][\/vc_column][\/vc_row][vc_row][vc_column width=&#8221;1\/3&#8243;][vc_custom_heading text=&#8221;Esitys:&#8221; use_theme_fonts=&#8221;yes&#8221;][vc_column_text]<strong>RIITTA KIVIM\u00c4EN idean pohjalta k\u00e4sikirjoittanut:<\/strong><br \/>\nSinikka Lappetel\u00e4inen<\/p>\n<p><strong>Dramatisoinut ja ohjannut:<\/strong> Sinikka Lappetel\u00e4inen<br \/>\n<strong>Lavastus\/ lehm\u00e4t:<\/strong> Jenina T\u00f6rm\u00e4nen ( Tornion kuvataideseura)[\/vc_column_text][\/vc_column][vc_column width=&#8221;1\/3&#8243;][vc_custom_heading text=&#8221;Rooleissa:&#8221; use_theme_fonts=&#8221;yes&#8221;][vc_column_text]Maarit Juusola, Esteri J\u00e4nk\u00e4l\u00e4, Raija Kinnunen, Seija Kyr\u00f6, Raili Laitinen, Anneli Lohiniva, Auli M\u00e4kimaa, Sinikka Lappetel\u00e4inen ja Sirkka Pekkala.[\/vc_column_text][\/vc_column][vc_column width=&#8221;1\/3&#8243;][vc_custom_heading text=&#8221;Esityksen tilaukset\/ tiedustelut:&#8221; use_theme_fonts=&#8221;yes&#8221;][vc_column_text]Riitta Kivim\u00e4ki<br \/>\nriitta.kivimaki@pp1.inet.fi , p. 0400 515 047[\/vc_column_text][\/vc_column][\/vc_row]<\/p>\n","protected":false},"excerpt":{"rendered":"<p>[vc_row][vc_column][vc_single_image image=&#8221;141&#8243; img_size=&#8221;full&#8221; alignment=&#8221;center&#8221; style=&#8221;vc_box_shadow_3d&#8221; css_animation=&#8221;zoomIn&#8221;][vc_column_text]T\u00e4tien kanssa -projekti on valmistellut pienoismusikaalin, jossa liikutaan 1950 -luvun maaseututunnelmissa. Lauantain toivotut levyt soivat, ja tytt\u00e4rill\u00e4 tekee mieli tansseihin, onhan kotikyl\u00e4n lavalle tulossa ensimm\u00e4ist\u00e4 kertaa kaikkien suomalaisten rakastama iskelm\u00e4taivaa supert\u00e4hti. Ensin on kuitenkin suoriuduttava joka p\u00e4iv\u00e4isest\u00e4 toistuvasta askareesta, iltalypsyst\u00e4. Nostalgian t\u00e4yteinen musiikin ja tanssin ilottelu Lauantaina lavalle! on syntynyt &hellip; <a href=\"https:\/\/www.tanssiitatienkanssa.fi\/www\/ohjelmisto\/lauantaina-lavalle\" class=\"more-link\">Jatka artikkeliin <span class=\"screen-reader-text\">Lauantaina lavalle<\/span><\/a><\/p>\n","protected":false},"author":1,"featured_media":0,"parent":103,"menu_order":0,"comment_status":"closed","ping_status":"closed","template":"","meta":{"footnotes":""},"class_list":["post-140","page","type-page","status-publish","hentry"],"aioseo_notices":[],"_links":{"self":[{"href":"https:\/\/www.tanssiitatienkanssa.fi\/www\/wp-json\/wp\/v2\/pages\/140","targetHints":{"allow":["GET"]}}],"collection":[{"href":"https:\/\/www.tanssiitatienkanssa.fi\/www\/wp-json\/wp\/v2\/pages"}],"about":[{"href":"https:\/\/www.tanssiitatienkanssa.fi\/www\/wp-json\/wp\/v2\/types\/page"}],"author":[{"embeddable":true,"href":"https:\/\/www.tanssiitatienkanssa.fi\/www\/wp-json\/wp\/v2\/users\/1"}],"replies":[{"embeddable":true,"href":"https:\/\/www.tanssiitatienkanssa.fi\/www\/wp-json\/wp\/v2\/comments?post=140"}],"version-history":[{"count":2,"href":"https:\/\/www.tanssiitatienkanssa.fi\/www\/wp-json\/wp\/v2\/pages\/140\/revisions"}],"predecessor-version":[{"id":144,"href":"https:\/\/www.tanssiitatienkanssa.fi\/www\/wp-json\/wp\/v2\/pages\/140\/revisions\/144"}],"up":[{"embeddable":true,"href":"https:\/\/www.tanssiitatienkanssa.fi\/www\/wp-json\/wp\/v2\/pages\/103"}],"wp:attachment":[{"href":"https:\/\/www.tanssiitatienkanssa.fi\/www\/wp-json\/wp\/v2\/media?parent=140"}],"curies":[{"name":"wp","href":"https:\/\/api.w.org\/{rel}","templated":true}]}}